{"id":3,"date":"2024-06-27T00:13:34","date_gmt":"2024-06-27T00:13:34","guid":{"rendered":"http:\/\/laboratoriodmaria.com.mx\/?page_id=3"},"modified":"2024-07-22T17:07:21","modified_gmt":"2024-07-22T23:07:21","slug":"aviso-privacidad","status":"publish","type":"page","link":"https:\/\/laboratoriodmaria.com.mx\/en\/aviso-privacidad","title":{"rendered":"Privacy Notice"},"content":{"rendered":"<div data-elementor-type=\"wp-page\" data-elementor-id=\"3\" class=\"elementor elementor-3\">\n\t\t\t\t<div class=\"elementor-element elementor-element-43906403 e-flex e-con-boxed e-con e-parent\" data-id=\"43906403\" data-element_type=\"container\">\n\t\t\t\t\t<div class=\"e-con-inner\">\n\t\t\t\t<div class=\"elementor-element elementor-element-1645a6bd elementor-widget elementor-widget-text-editor\" data-id=\"1645a6bd\" data-element_type=\"widget\" data-widget_type=\"text-editor.default\">\n\t\t\t\t<div class=\"elementor-widget-container\">\n\t\t\t<style>\/*! elementor - v3.22.0 - 26-06-2024 *\/\n.elementor-widget-text-editor.elementor-drop-cap-view-stacked .elementor-drop-cap{background-color:#69727d;color:#fff}.elementor-widget-text-editor.elementor-drop-cap-view-framed .elementor-drop-cap{color:#69727d;border:3px solid;background-color:transparent}.elementor-widget-text-editor:not(.elementor-drop-cap-view-default) .elementor-drop-cap{margin-top:8px}.elementor-widget-text-editor:not(.elementor-drop-cap-view-default) .elementor-drop-cap-letter{width:1em;height:1em}.elementor-widget-text-editor .elementor-drop-cap{float:left;text-align:center;line-height:1;font-size:50px}.elementor-widget-text-editor .elementor-drop-cap-letter{display:inline-block}<\/style>\t\t\t\t<h3><b>Privacy Notice for D'Mar\u00eda Laboratories<\/b><\/h3><p><b>D'MARIA LABORATORY<\/b><\/p><p><b>Domicile:<\/b><span style=\"font-weight: 400;\"> AVENIDA RICARDO BASILIO ANAYA N\u00famero Exterior: 1266-1, JARDINES DE ORIENTE, SAN LUIS POTOS\u00cd<\/span><span style=\"font-weight: 400;\"><br \/><\/span><b>Phone:<\/b><span style=\"font-weight: 400;\"> 444 100 0489<\/span><span style=\"font-weight: 400;\"><br \/><\/span><b>Electronic Address:<\/b><a href=\"https:\/\/laboratoriodmaria.com.mx\/en\/\"> <span style=\"font-weight: 400;\">www.laboratoriodmaria.com.mx<\/span><\/a><\/p><p><b>Purpose of Processing Personal Data<\/b><b><br \/><\/b><span style=\"font-weight: 400;\">At LABORATORIO D'MARIA, we are committed to protecting your personal data. The data we collect from you will be used for the following purposes:<\/span><\/p><ul><li style=\"font-weight: 400;\" aria-level=\"1\"><span style=\"font-weight: 400;\">Conduct satisfaction surveys to improve our services.<\/span><\/li><li style=\"font-weight: 400;\" aria-level=\"1\"><span style=\"font-weight: 400;\">Send information, promotions, and offers related to our marketing services.<\/span><\/li><\/ul><p><b>Personal Data Collected<\/b><b><br \/><\/b><span style=\"font-weight: 400;\">To carry out the purposes described in this Privacy Notice, we will use the following personal data:<\/span><\/p><ul><li style=\"font-weight: 400;\" aria-level=\"1\"><span style=\"font-weight: 400;\">Name<\/span><\/li><li style=\"font-weight: 400;\" aria-level=\"1\"><span style=\"font-weight: 400;\">Email<\/span><\/li><\/ul><p><b>Data transfer<\/b><b><br \/><\/b><span style=\"font-weight: 400;\">We inform you that your personal data will not be shared with third parties, except in cases where required by the competent authorities in accordance with applicable law.<\/span><\/p><p><b>ARCO Rights (Access, Rectification, Cancellation and Opposition)<\/b><b><br \/><\/b><span style=\"font-weight: 400;\">You have the right to know what personal data we hold about you, what we use it for, and the conditions under which we use it (Access). You also have the right to request the correction of your personal information if it is outdated, inaccurate, or incomplete (Rectification); to request that we delete it from our records or databases if you believe it is not being used appropriately (Cancellation); and to object to the use of your personal data for specific purposes (Objection). These rights are known as ARCO rights.<\/span><\/p><p><span style=\"font-weight: 400;\">To exercise any of your ARCO rights, you must send a written request to the email address hola@laboratoriodmaria.com.mx, stating your full name, the right you wish to exercise, and attaching a copy of your official identification.<\/span><\/p><p><b>Security Measures<\/b><b><br \/><\/b><span style=\"font-weight: 400;\">At LABORATORIO D'MARIA, we have adopted the necessary administrative, technical, and physical security measures to protect your personal data from damage, loss, alteration, destruction, or unauthorized use, access, or processing. These measures include:<\/span><\/p><ul><li style=\"font-weight: 400;\" aria-level=\"1\"><span style=\"font-weight: 400;\">Use of encryption technologies to protect data transmission.<\/span><\/li><li style=\"font-weight: 400;\" aria-level=\"1\"><span style=\"font-weight: 400;\">Implementation of firewalls and intrusion detection systems to safeguard our IT infrastructure.<\/span><\/li><li style=\"font-weight: 400;\" aria-level=\"1\"><span style=\"font-weight: 400;\">Restricting access to personal data to authorized personnel trained in handling confidential information.<\/span><\/li><li style=\"font-weight: 400;\" aria-level=\"1\"><span style=\"font-weight: 400;\">Periodic audits to ensure compliance with our privacy policies and security measures.<\/span><\/li><\/ul><p><b>Updates to the Privacy Notice<\/b><b><br \/><\/b><span style=\"font-weight: 400;\">This Privacy Notice may be modified, changed, or updated due to new legal requirements; our own needs for the products or services we offer; our privacy practices; changes in our business model; or for other reasons.<\/span><\/p><p><span style=\"font-weight: 400;\">We promise to keep you informed of any changes to this privacy notice by sending an email to the address you have provided. We recommend checking your email regularly for any updates.<\/span><\/p><p><b>Contact<\/b><b><br \/><\/b><span style=\"font-weight: 400;\">If you have any questions about this Privacy Notice, the processing of your personal data, or if you wish to exercise your ARCO rights, you can contact us at:<\/span><\/p><p><b>Email:<\/b><span style=\"font-weight: 400;\"> hola@laboratoriodmaria.com.mx<\/span><span style=\"font-weight: 400;\"><br \/><\/span><b>Phone:<\/b><span style=\"font-weight: 400;\"> 444 100 0489<\/span><\/p>\t\t\t\t\t\t<\/div>\n\t\t\t\t<\/div>\n\t\t\t\t\t<\/div>\n\t\t\t\t<\/div>\n\t\t\t\t<\/div>","protected":false},"excerpt":{"rendered":"<p>Aviso de Privacidad para Laboratorios D&#8217;Mar\u00eda LABORATORIO D&#8217;MARIA Domicilio: AVENIDA RICARDO BASILIO ANAYA N\u00famero Exterior: 1266-1, JARDINES DE ORIENTE, SAN LUIS POTOS\u00cdTel\u00e9fono: 444 100 0489Direcci\u00f3n Electr\u00f3nica: www.laboratoriodmaria.com.mx Finalidad del Tratamiento de Datos PersonalesEn LABORATORIO D&#8217;MARIA, estamos comprometidos con la protecci\u00f3n de sus datos personales. Los datos que recabamos de usted ser\u00e1n utilizados para las siguientes [&hellip;]<\/p>","protected":false},"author":1,"featured_media":0,"parent":0,"menu_order":0,"comment_status":"closed","ping_status":"closed","template":"page-full-width.php","meta":{"footnotes":""},"class_list":["post-3","page","type-page","status-publish","hentry"],"_links":{"self":[{"href":"https:\/\/laboratoriodmaria.com.mx\/en\/wp-json\/wp\/v2\/pages\/3","targetHints":{"allow":["GET"]}}],"collection":[{"href":"https:\/\/laboratoriodmaria.com.mx\/en\/wp-json\/wp\/v2\/pages"}],"about":[{"href":"https:\/\/laboratoriodmaria.com.mx\/en\/wp-json\/wp\/v2\/types\/page"}],"author":[{"embeddable":true,"href":"https:\/\/laboratoriodmaria.com.mx\/en\/wp-json\/wp\/v2\/users\/1"}],"replies":[{"embeddable":true,"href":"https:\/\/laboratoriodmaria.com.mx\/en\/wp-json\/wp\/v2\/comments?post=3"}],"version-history":[{"count":0,"href":"https:\/\/laboratoriodmaria.com.mx\/en\/wp-json\/wp\/v2\/pages\/3\/revisions"}],"wp:attachment":[{"href":"https:\/\/laboratoriodmaria.com.mx\/en\/wp-json\/wp\/v2\/media?parent=3"}],"curies":[{"name":"wp","href":"https:\/\/api.w.org\/{rel}","templated":true}]}}