{"id":4512,"date":"2022-11-09T14:44:02","date_gmt":"2022-11-09T14:44:02","guid":{"rendered":"https:\/\/marity.qodeinteractive.com\/?page_id=4512"},"modified":"2024-07-18T18:21:27","modified_gmt":"2024-07-19T00:21:27","slug":"about-us","status":"publish","type":"page","link":"https:\/\/laboratoriodmaria.com.mx\/en\/about-us","title":{"rendered":"About Us"},"content":{"rendered":"<div data-elementor-type=\"wp-page\" data-elementor-id=\"4512\" class=\"elementor elementor-4512\">\n\t\t\t\t\t\t<section class=\"elementor-section elementor-top-section elementor-element elementor-element-4f22bdd elementor-section-full_width elementor-section-height-default elementor-section-height-default\" data-id=\"4f22bdd\" data-element_type=\"section\">\n\t\t\t\t\t\t<div class=\"elementor-container elementor-column-gap-no\">\n\t\t\t\t\t<div class=\"elementor-column elementor-col-100 elementor-top-column elementor-element elementor-element-bf1fc7d\" data-id=\"bf1fc7d\" data-element_type=\"column\">\n\t\t\t<div class=\"elementor-widget-wrap elementor-element-populated\">\n\t\t\t\t\t\t<section class=\"elementor-section elementor-inner-section elementor-element elementor-element-c89aa6e elementor-section-full_width elementor-section-height-min-height elementor-section-height-default\" data-id=\"c89aa6e\" data-element_type=\"section\" data-settings=\"{&quot;background_background&quot;:&quot;classic&quot;}\">\n\t\t\t\t\t\t<div class=\"elementor-container elementor-column-gap-no\">\n\t\t\t\t\t<div class=\"elementor-column elementor-col-100 elementor-inner-column elementor-element elementor-element-5e41cb2\" data-id=\"5e41cb2\" data-element_type=\"column\">\n\t\t\t<div class=\"elementor-widget-wrap\">\n\t\t\t\t\t\t\t<\/div>\n\t\t<\/div>\n\t\t\t\t\t<\/div>\n\t\t<\/section>\n\t\t\t\t\t<\/div>\n\t\t<\/div>\n\t\t\t\t\t<\/div>\n\t\t<\/section>\n\t\t\t\t<section class=\"elementor-section elementor-top-section elementor-element elementor-element-9a69f0d elementor-section-full_width elementor-section-height-default elementor-section-height-default\" data-id=\"9a69f0d\" data-element_type=\"section\">\n\t\t\t\t\t\t<div class=\"elementor-container elementor-column-gap-no\">\n\t\t\t\t\t<div class=\"elementor-column elementor-col-100 elementor-top-column elementor-element elementor-element-dd762e8\" data-id=\"dd762e8\" data-element_type=\"column\">\n\t\t\t<div class=\"elementor-widget-wrap elementor-element-populated\">\n\t\t\t\t\t\t<section class=\"elementor-section elementor-inner-section elementor-element elementor-element-627df27 elementor-section-full_width elementor-section-height-default elementor-section-height-default\" data-id=\"627df27\" data-element_type=\"section\">\n\t\t\t\t\t\t<div class=\"elementor-container elementor-column-gap-no\">\n\t\t\t\t\t<div class=\"elementor-column elementor-col-100 elementor-inner-column elementor-element elementor-element-59fc31f\" data-id=\"59fc31f\" data-element_type=\"column\">\n\t\t\t<div class=\"elementor-widget-wrap elementor-element-populated\">\n\t\t\t\t\t\t<div class=\"elementor-element elementor-element-54e5b67 elementor-widget elementor-widget-marity_core_section_title\" data-id=\"54e5b67\" data-element_type=\"widget\" data-widget_type=\"marity_core_section_title.default\">\n\t\t\t\t<div class=\"elementor-widget-container\">\n\t\t\t<div class=\"qodef-shortcode qodef-m  qodef-section-title qodef-show_supertitle--no qodef-alignment--left\">\n    \t\t<h6 class=\"qodef-m-title\" >\n\t\t\t\t\tOUR TEAM\t\t\t<\/h6>\n\t    <\/div>\n\t\t<\/div>\n\t\t\t\t<\/div>\n\t\t\t\t\t<\/div>\n\t\t<\/div>\n\t\t\t\t\t<\/div>\n\t\t<\/section>\n\t\t\t\t\t<\/div>\n\t\t<\/div>\n\t\t\t\t\t<\/div>\n\t\t<\/section>\n\t\t\t\t<section class=\"elementor-section elementor-top-section elementor-element elementor-element-0535ffa elementor-section-full_width elementor-section-height-default elementor-section-height-default\" data-id=\"0535ffa\" data-element_type=\"section\" data-settings=\"{&quot;background_background&quot;:&quot;classic&quot;}\">\n\t\t\t\t\t\t\t<div class=\"elementor-background-overlay\"><\/div>\n\t\t\t\t\t\t\t<div class=\"elementor-container elementor-column-gap-no\">\n\t\t\t\t\t<div class=\"elementor-column elementor-col-50 elementor-top-column elementor-element elementor-element-e48ab65\" data-id=\"e48ab65\" data-element_type=\"column\">\n\t\t\t<div class=\"elementor-widget-wrap elementor-element-populated\">\n\t\t\t\t\t\t<div class=\"elementor-element elementor-element-afa5333 elementor-widget elementor-widget-marity_core_section_title\" data-id=\"afa5333\" data-element_type=\"widget\" data-widget_type=\"marity_core_section_title.default\">\n\t\t\t\t<div class=\"elementor-widget-container\">\n\t\t\t<div class=\"qodef-shortcode qodef-m  qodef-section-title qodef-show_supertitle--no qodef-alignment--left\">\n    \t\t<h3 class=\"qodef-m-title\" >\n\t\t\t\t\tAt D'Mar\u00eda Laboratories, we're not just a team of professionals; we're a group dedicated to your well-being.\t\t\t<\/h3>\n\t\t<p class=\"qodef-m-text\" style=\"margin-top: 37px\">Since our inception, we've built a solid reputation, and our passion for what we do is palpable in every step we take.\n<\/p>\n    <\/div>\n\t\t<\/div>\n\t\t\t\t<\/div>\n\t\t\t\t\t<\/div>\n\t\t<\/div>\n\t\t\t\t<div class=\"elementor-column elementor-col-50 elementor-top-column elementor-element elementor-element-de949d5\" data-id=\"de949d5\" data-element_type=\"column\">\n\t\t\t<div class=\"elementor-widget-wrap elementor-element-populated\">\n\t\t\t\t\t\t<div class=\"elementor-element elementor-element-d6b3027 elementor-widget__width-auto elementor-widget elementor-widget-marity_core_single_image\" data-id=\"d6b3027\" data-element_type=\"widget\" data-widget_type=\"marity_core_single_image.default\">\n\t\t\t\t<div class=\"elementor-widget-container\">\n\t\t\t<div class=\"qodef-shortcode qodef-m  qodef-single-image qodef-layout--default   qodef--morph-mask\" style=\"--qodef--morph-shape-position-x: 2%;--qodef--morph-shape-scale-x: 1.4\">\n\t                    <div class=\"qodef-svg-morph-holder qodef-type-1\">\n                <svg class=\"qodef-svg--clip-morph-shape-1\" xmlns=\"http:\/\/www.w3.org\/2000\/svg\" width=\"1059.2\" height=\"1059.2\" viewbox=\"0 0 1059.2 1059.2\"><clippath id=\"marity-1-469\" clippathunits=\"objectBoundingBox\"><path d= \"M293.4 1054.6c151.2 16.3 190.8-118 307.3-130.9 61.7-6.9 133.6 22 200.1 30.1 274.5 33.6 350.5-435.6 114.1-655.2-62.6-58.2-171.6-106.5-246.4-127.6C455 110.9 80.3-133 7.2 96.5c-22.7 71.8 13.3 254.5 43 336.6C118 619.2 33.7 852 144.5 976.9a241 241 0 0 0 148.9 77.7Z\"\/><path d= \"M282.5 1042.6c149 16.2 169-140.3 283.7-153.3 60.8-6.8 123.5 38 189 46.1 262 40 418.4-457.7 174.3-655-61.7-58.3-207-70-280.6-91.1-210.2-60.3-538.5-297-610.4-67.1-22.5 71.9 12 227.3 41.4 309.4 66.6 186.5-75.6 394.7 33.4 519.8 39.1 44.9 118.7 85.6 169.4 91.2Z\"\/><path d= \"M267.9 1054.3c148.7 17.4 135-158 249.7-171.7 60.6-7.4 182.1 26.5 247.6 35.2 261.5 42.7 415.6-511.7 171.8-722.2-61.7-62.2-250 4.4-323.6-18.1-209.9-64.3-405.4-224-543.2-60.8-47 80-4.4 216.3 25 304 66.5 198.8-53 307.2 24.9 497 27 81.1 97.2 130.7 147.8 136.6Z\"\/><\/clippath><\/svg>            <\/div>\n        \t\t<div class=\"qodef-m-image\">\n\t\t\t\t\t\t\t\t<img fetchpriority=\"high\" decoding=\"async\" width=\"900\" height=\"827\" src=\"https:\/\/laboratoriodmaria.com.mx\/wp-content\/uploads\/2024\/07\/about-us-1.jpg\" class=\"attachment-full size-full\" alt=\"\" srcset=\"https:\/\/laboratoriodmaria.com.mx\/wp-content\/uploads\/2024\/07\/about-us-1.jpg 900w, https:\/\/laboratoriodmaria.com.mx\/wp-content\/uploads\/2024\/07\/about-us-1-300x276.jpg 300w, https:\/\/laboratoriodmaria.com.mx\/wp-content\/uploads\/2024\/07\/about-us-1-768x706.jpg 768w, https:\/\/laboratoriodmaria.com.mx\/wp-content\/uploads\/2024\/07\/about-us-1-600x551.jpg 600w\" sizes=\"(max-width: 900px) 100vw, 900px\" \/>\t\t\t\t\t\t\t<\/div>\n\t<\/div>\n\t\t<\/div>\n\t\t\t\t<\/div>\n\t\t\t\t\t<\/div>\n\t\t<\/div>\n\t\t\t\t\t<\/div>\n\t\t<\/section>\n\t\t\t\t<section class=\"elementor-section elementor-top-section elementor-element elementor-element-4d5d291 elementor-section-full_width elementor-section-height-default elementor-section-height-default\" data-id=\"4d5d291\" data-element_type=\"section\">\n\t\t\t\t\t\t<div class=\"elementor-container elementor-column-gap-no\">\n\t\t\t\t\t<div class=\"elementor-column elementor-col-50 elementor-top-column elementor-element elementor-element-0b5fe38\" data-id=\"0b5fe38\" data-element_type=\"column\">\n\t\t\t<div class=\"elementor-widget-wrap elementor-element-populated\">\n\t\t\t\t\t\t<div class=\"elementor-element elementor-element-4fd31aa elementor-widget elementor-widget-marity_core_single_image\" data-id=\"4fd31aa\" data-element_type=\"widget\" data-widget_type=\"marity_core_single_image.default\">\n\t\t\t\t<div class=\"elementor-widget-container\">\n\t\t\t<div class=\"qodef-shortcode qodef-m  qodef-single-image qodef-layout--default   qodef--morph-mask\" style=\"--qodef--morph-shape-position-x: -11%\">\n\t                    <div class=\"qodef-svg-morph-holder qodef-type-1\">\n                <svg class=\"qodef-svg--clip-morph-shape-1\" xmlns=\"http:\/\/www.w3.org\/2000\/svg\" width=\"1059.2\" height=\"1059.2\" viewbox=\"0 0 1059.2 1059.2\"><clippath id=\"marity-2-785\" clippathunits=\"objectBoundingBox\"><path d= \"M293.4 1054.6c151.2 16.3 190.8-118 307.3-130.9 61.7-6.9 133.6 22 200.1 30.1 274.5 33.6 350.5-435.6 114.1-655.2-62.6-58.2-171.6-106.5-246.4-127.6C455 110.9 80.3-133 7.2 96.5c-22.7 71.8 13.3 254.5 43 336.6C118 619.2 33.7 852 144.5 976.9a241 241 0 0 0 148.9 77.7Z\"\/><path d= \"M282.5 1042.6c149 16.2 169-140.3 283.7-153.3 60.8-6.8 123.5 38 189 46.1 262 40 418.4-457.7 174.3-655-61.7-58.3-207-70-280.6-91.1-210.2-60.3-538.5-297-610.4-67.1-22.5 71.9 12 227.3 41.4 309.4 66.6 186.5-75.6 394.7 33.4 519.8 39.1 44.9 118.7 85.6 169.4 91.2Z\"\/><path d= \"M267.9 1054.3c148.7 17.4 135-158 249.7-171.7 60.6-7.4 182.1 26.5 247.6 35.2 261.5 42.7 415.6-511.7 171.8-722.2-61.7-62.2-250 4.4-323.6-18.1-209.9-64.3-405.4-224-543.2-60.8-47 80-4.4 216.3 25 304 66.5 198.8-53 307.2 24.9 497 27 81.1 97.2 130.7 147.8 136.6Z\"\/><\/clippath><\/svg>            <\/div>\n        \t\t<div class=\"qodef-m-image\">\n\t\t\t\t\t\t\t\t<img decoding=\"async\" width=\"1400\" height=\"1047\" src=\"https:\/\/laboratoriodmaria.com.mx\/wp-content\/uploads\/2024\/07\/about-us-2.jpg\" class=\"attachment-full size-full\" alt=\"\" srcset=\"https:\/\/laboratoriodmaria.com.mx\/wp-content\/uploads\/2024\/07\/about-us-2.jpg 1400w, https:\/\/laboratoriodmaria.com.mx\/wp-content\/uploads\/2024\/07\/about-us-2-300x224.jpg 300w, https:\/\/laboratoriodmaria.com.mx\/wp-content\/uploads\/2024\/07\/about-us-2-1024x766.jpg 1024w, https:\/\/laboratoriodmaria.com.mx\/wp-content\/uploads\/2024\/07\/about-us-2-768x574.jpg 768w, https:\/\/laboratoriodmaria.com.mx\/wp-content\/uploads\/2024\/07\/about-us-2-600x449.jpg 600w\" sizes=\"(max-width: 1400px) 100vw, 1400px\" \/>\t\t\t\t\t\t\t<\/div>\n\t<\/div>\n\t\t<\/div>\n\t\t\t\t<\/div>\n\t\t\t\t\t<\/div>\n\t\t<\/div>\n\t\t\t\t<div class=\"elementor-column elementor-col-50 elementor-top-column elementor-element elementor-element-1033445\" data-id=\"1033445\" data-element_type=\"column\">\n\t\t\t<div class=\"elementor-widget-wrap elementor-element-populated\">\n\t\t\t\t\t\t<div class=\"elementor-element elementor-element-ad59f7d elementor-widget elementor-widget-marity_core_section_title\" data-id=\"ad59f7d\" data-element_type=\"widget\" data-widget_type=\"marity_core_section_title.default\">\n\t\t\t\t<div class=\"elementor-widget-container\">\n\t\t\t<div class=\"qodef-shortcode qodef-m  qodef-section-title qodef-show_supertitle--no qodef-alignment--left\">\n    \t\t<h3 class=\"qodef-m-title\" >\n\t\t\t\t\tTo ensure your experience is a pleasant one, we implement impeccable customer service.\t\t\t<\/h3>\n\t    <\/div>\n\t\t<\/div>\n\t\t\t\t<\/div>\n\t\t\t\t<div class=\"elementor-element elementor-element-beb9081 elementor-widget__width-inherit elementor-widget elementor-widget-marity_core_icon_list_item\" data-id=\"beb9081\" data-element_type=\"widget\" data-widget_type=\"marity_core_icon_list_item.default\">\n\t\t\t\t<div class=\"elementor-widget-container\">\n\t\t\t<div class=\"qodef-icon-list-item qodef-icon--custom-icon\" >\n\t<p class=\"qodef-e-title\">\n\t\t\t\t\t<span class=\"qodef-e-title-inner\">\n\t\t\t\t<img decoding=\"async\" width=\"8\" height=\"9\" src=\"https:\/\/laboratoriodmaria.com.mx\/wp-content\/uploads\/2022\/10\/home-2-icon.png\" class=\"attachment-full size-full\" alt=\"w\" \/>\t\t\t\t<span class=\"qodef-e-title-text\"  style=\"margin: 0px 0px 0px 15px\">We are committed to delivering results in a timely manner.<\/span>\n\t\t\t<\/span>\n\t\t\t<\/p>\n<\/div>\n\t\t<\/div>\n\t\t\t\t<\/div>\n\t\t\t\t<div class=\"elementor-element elementor-element-f3ccb27 elementor-widget__width-inherit elementor-widget elementor-widget-marity_core_icon_list_item\" data-id=\"f3ccb27\" data-element_type=\"widget\" data-widget_type=\"marity_core_icon_list_item.default\">\n\t\t\t\t<div class=\"elementor-widget-container\">\n\t\t\t<div class=\"qodef-icon-list-item qodef-icon--custom-icon\" >\n\t<p class=\"qodef-e-title\">\n\t\t\t\t\t<span class=\"qodef-e-title-inner\">\n\t\t\t\t<img decoding=\"async\" width=\"8\" height=\"9\" src=\"https:\/\/laboratoriodmaria.com.mx\/wp-content\/uploads\/2022\/10\/home-2-icon.png\" class=\"attachment-full size-full\" alt=\"w\" \/>\t\t\t\t<span class=\"qodef-e-title-text\"  style=\"margin: 0px 0px 0px 15px\">We provide results to your doctor for correct interpretation.<\/span>\n\t\t\t<\/span>\n\t\t\t<\/p>\n<\/div>\n\t\t<\/div>\n\t\t\t\t<\/div>\n\t\t\t\t<div class=\"elementor-element elementor-element-47ac2b3 elementor-widget__width-inherit elementor-widget elementor-widget-marity_core_icon_list_item\" data-id=\"47ac2b3\" data-element_type=\"widget\" data-widget_type=\"marity_core_icon_list_item.default\">\n\t\t\t\t<div class=\"elementor-widget-container\">\n\t\t\t<div class=\"qodef-icon-list-item qodef-icon--custom-icon\" >\n\t<p class=\"qodef-e-title\">\n\t\t\t\t\t<span class=\"qodef-e-title-inner\">\n\t\t\t\t<img decoding=\"async\" width=\"8\" height=\"9\" src=\"https:\/\/laboratoriodmaria.com.mx\/wp-content\/uploads\/2022\/10\/home-2-icon.png\" class=\"attachment-full size-full\" alt=\"w\" \/>\t\t\t\t<span class=\"qodef-e-title-text\"  style=\"margin: 0px 0px 0px 15px\">We provide results to your doctor for correct interpretation.<\/span>\n\t\t\t<\/span>\n\t\t\t<\/p>\n<\/div>\n\t\t<\/div>\n\t\t\t\t<\/div>\n\t\t\t\t<div class=\"elementor-element elementor-element-6b90c3d elementor-widget__width-inherit elementor-widget elementor-widget-marity_core_icon_list_item\" data-id=\"6b90c3d\" data-element_type=\"widget\" data-widget_type=\"marity_core_icon_list_item.default\">\n\t\t\t\t<div class=\"elementor-widget-container\">\n\t\t\t<div class=\"qodef-icon-list-item qodef-icon--custom-icon\" >\n\t<p class=\"qodef-e-title\">\n\t\t\t\t\t<span class=\"qodef-e-title-inner\">\n\t\t\t\t<img decoding=\"async\" width=\"8\" height=\"9\" src=\"https:\/\/laboratoriodmaria.com.mx\/wp-content\/uploads\/2022\/10\/home-2-icon.png\" class=\"attachment-full size-full\" alt=\"w\" \/>\t\t\t\t<span class=\"qodef-e-title-text\"  style=\"margin: 0px 0px 0px 15px\">We contribute to your well-being with reliable results.<\/span>\n\t\t\t<\/span>\n\t\t\t<\/p>\n<\/div>\n\t\t<\/div>\n\t\t\t\t<\/div>\n\t\t\t\t\t<\/div>\n\t\t<\/div>\n\t\t\t\t\t<\/div>\n\t\t<\/section>\n\t\t\t\t<section class=\"elementor-section elementor-top-section elementor-element elementor-element-7ad7d53 elementor-section-full_width elementor-section-height-default elementor-section-height-default\" data-id=\"7ad7d53\" data-element_type=\"section\">\n\t\t\t\t\t\t<div class=\"elementor-container elementor-column-gap-no\">\n\t\t\t\t\t<div class=\"elementor-column elementor-col-100 elementor-top-column elementor-element elementor-element-4614e82\" data-id=\"4614e82\" data-element_type=\"column\">\n\t\t\t<div class=\"elementor-widget-wrap elementor-element-populated\">\n\t\t\t\t\t\t<div class=\"elementor-element elementor-element-54a2ecd elementor-widget elementor-widget-marity_core_masonry_gallery_list\" data-id=\"54a2ecd\" data-element_type=\"widget\" data-widget_type=\"marity_core_masonry_gallery_list.default\">\n\t\t\t\t<div class=\"elementor-widget-container\">\n\t\t\t<div class=\"qodef-shortcode qodef-m  qodef-masonry-gallery-list qodef-grid qodef-layout--masonry qodef-items--fixed qodef-gutter--tiny qodef-col-num--3  qodef-responsive--custom qodef-col-num--1440--3 qodef-col-num--1366--3 qodef-col-num--1024--3 qodef-col-num--768--1 qodef-col-num--680--1 qodef-col-num--480--1\">\n\t<div class=\"qodef-grid-inner\">\n\t\t\t<div class=\"qodef-grid-masonry-sizer\"><\/div>\n<p class=\"qodef-m-posts-not-found qodef-grid-item\">No posts were found for provided query parameters.<\/p>\n\t<\/div>\n<\/div>\n\t\t<\/div>\n\t\t\t\t<\/div>\n\t\t\t\t\t<\/div>\n\t\t<\/div>\n\t\t\t\t\t<\/div>\n\t\t<\/section>\n\t\t\t\t<\/div>","protected":false},"excerpt":{"rendered":"<p>NUESTRO EQUIPO En Laboratorios D&#8217;Mar\u00eda, no solo somos un equipo de profesionales, somos un grupo dedicado a su bienestar. Desde nuestro inicio, hemos forjado una s\u00f3lida reputaci\u00f3n, y nuestra pasi\u00f3n por lo que hacemos es palpable en cada paso que damos. Para asegurarnos de que tu experiencia sea muy agradable, implementamos una atenci\u00f3n a nuestros [&hellip;]<\/p>","protected":false},"author":1,"featured_media":0,"parent":0,"menu_order":0,"comment_status":"closed","ping_status":"closed","template":"page-full-width.php","meta":{"footnotes":""},"class_list":["post-4512","page","type-page","status-publish","hentry"],"_links":{"self":[{"href":"https:\/\/laboratoriodmaria.com.mx\/en\/wp-json\/wp\/v2\/pages\/4512","targetHints":{"allow":["GET"]}}],"collection":[{"href":"https:\/\/laboratoriodmaria.com.mx\/en\/wp-json\/wp\/v2\/pages"}],"about":[{"href":"https:\/\/laboratoriodmaria.com.mx\/en\/wp-json\/wp\/v2\/types\/page"}],"author":[{"embeddable":true,"href":"https:\/\/laboratoriodmaria.com.mx\/en\/wp-json\/wp\/v2\/users\/1"}],"replies":[{"embeddable":true,"href":"https:\/\/laboratoriodmaria.com.mx\/en\/wp-json\/wp\/v2\/comments?post=4512"}],"version-history":[{"count":0,"href":"https:\/\/laboratoriodmaria.com.mx\/en\/wp-json\/wp\/v2\/pages\/4512\/revisions"}],"wp:attachment":[{"href":"https:\/\/laboratoriodmaria.com.mx\/en\/wp-json\/wp\/v2\/media?parent=4512"}],"curies":[{"name":"wp","href":"https:\/\/api.w.org\/{rel}","templated":true}]}}